{"id":63,"date":"2020-03-31T10:39:44","date_gmt":"2020-03-31T08:39:44","guid":{"rendered":"https:\/\/wordpress.blg-autorail.de\/?page_id=63"},"modified":"2025-02-28T11:00:35","modified_gmt":"2025-02-28T10:00:35","slug":"zertifizierung-agb","status":"publish","type":"page","link":"https:\/\/www.blg-autorail.de\/?page_id=63","title":{"rendered":"Zertifizierung \/ AGB"},"content":{"rendered":"\n<p>Die BLG AutoRail steht f\u00fcr h\u00f6chste Service- und Leistungsqualit\u00e4t &#8211; vielfach ausgezeichnet durch unsere Kunden sowie durch ISO-Zertifizierungen und Zertifikaten.<br><br>Die DIN EN ISO 9001:2015 sowie die DIN EN ISO 14001:2015 bescheinigen die Qualit\u00e4t von Arbeitsabl\u00e4ufen, Arbeitsteilung, Personal und interne Qualit\u00e4tssicherung sowie die weltweit anerkannten Anforderungen an ein Umweltmanagementsystem und deren Verbesserung.<br><br>Die VO (EU) 445\/2011 setzt strenge Vorschriften voraus, um die Eisenbahnsicherheit und die Interoperabilit\u00e4t des Eisenbahnsystems in Europa zu gew\u00e4hrleisten. Die Tochtergesellschaft BLG RailTec ist f\u00fcr die Instandhaltung zust\u00e4ndige Stelle (ECM &#8211; Entity in Charge of Maintenance) entsprechend zertifiziert.<\/p>\n\n\n\n<hr class=\"wp-block-separator has-css-opacity\"\/>\n\n\n\n<div class=\"wp-block-file\"><a id=\"wp-block-file--media-5e77fad3-5599-4d24-b50d-a6de4ebfb681\" href=\"https:\/\/www.blg-autorail.de\/wp-content\/uploads\/2025\/02\/DIN-EN-ISO-9001-2015_Zertifikat-fuer-Qualitaets-und-Umweltmanagement-1.pdf\" target=\"_blank\" rel=\"noreferrer noopener\">DIN-EN-ISO-9001:2015_Zertifikat f\u00fcr Qualit\u00e4tsmanagement<\/a><a href=\"https:\/\/www.blg-autorail.de\/wp-content\/uploads\/2025\/02\/DIN-EN-ISO-9001-2015_Zertifikat-fuer-Qualitaets-und-Umweltmanagement-1.pdf\" class=\"wp-block-file__button\" download aria-describedby=\"wp-block-file--media-5e77fad3-5599-4d24-b50d-a6de4ebfb681\">Herunterladen<\/a><\/div>\n\n\n\n<div class=\"wp-block-file\"><a id=\"wp-block-file--media-5e77fad3-5599-4d24-b50d-a6de4ebfb681\" href=\"https:\/\/www.blg-autorail.de\/wp-content\/uploads\/2025\/02\/DIN-EN-ISO-14001_2015_Zertifikat-fuer-Qualitaets-und-Umweltmanagement-.pdf\" target=\"_blank\" rel=\"noreferrer noopener\">DIN-EN-ISO-14001:2015_Zertifikat f\u00fcr  Umweltmanagement<\/a><a href=\"https:\/\/www.blg-autorail.de\/wp-content\/uploads\/2025\/02\/DIN-EN-ISO-14001_2015_Zertifikat-fuer-Qualitaets-und-Umweltmanagement-.pdf\" class=\"wp-block-file__button\" download aria-describedby=\"wp-block-file--media-5e77fad3-5599-4d24-b50d-a6de4ebfb681\">Herunterladen<\/a><\/div>\n\n\n\n<div class=\"wp-block-buttons is-layout-flex wp-block-buttons-is-layout-flex\">\n<div class=\"wp-block-button\"><a class=\"wp-block-button__link has-background\" href=\"https:\/\/wordpress.blg-autorail.de\/?page_id=198\" style=\"background-color:#164194\">Allgemeine Gesch\u00e4ftsbedingungen der BLG AutoRail GmbH<\/a><\/div>\n<\/div>\n","protected":false},"excerpt":{"rendered":"<p>Die BLG AutoRail steht f\u00fcr h\u00f6chste Service- und Leistungsqualit\u00e4t &#8211; vielfach ausgezeichnet durch unsere Kunden sowie durch ISO-Zertifizierungen und Zertifikaten. Die DIN EN ISO 9001:2015 sowie die DIN EN ISO 14001:2015 bescheinigen die Qualit\u00e4t von Arbeitsabl\u00e4ufen, Arbeitsteilung, Personal und interne Qualit\u00e4tssicherung sowie die weltweit anerkannten Anforderungen an ein Umweltmanagementsystem und deren Verbesserung. Die VO (EU) [&hellip;]<\/p>\n","protected":false},"author":3,"featured_media":0,"parent":0,"menu_order":0,"comment_status":"closed","ping_status":"closed","template":"","meta":{"ngg_post_thumbnail":0,"footnotes":""},"class_list":["post-63","page","type-page","status-publish","hentry"],"_links":{"self":[{"href":"https:\/\/www.blg-autorail.de\/index.php?rest_route=\/wp\/v2\/pages\/63","targetHints":{"allow":["GET"]}}],"collection":[{"href":"https:\/\/www.blg-autorail.de\/index.php?rest_route=\/wp\/v2\/pages"}],"about":[{"href":"https:\/\/www.blg-autorail.de\/index.php?rest_route=\/wp\/v2\/types\/page"}],"author":[{"embeddable":true,"href":"https:\/\/www.blg-autorail.de\/index.php?rest_route=\/wp\/v2\/users\/3"}],"replies":[{"embeddable":true,"href":"https:\/\/www.blg-autorail.de\/index.php?rest_route=%2Fwp%2Fv2%2Fcomments&post=63"}],"version-history":[{"count":59,"href":"https:\/\/www.blg-autorail.de\/index.php?rest_route=\/wp\/v2\/pages\/63\/revisions"}],"predecessor-version":[{"id":1844,"href":"https:\/\/www.blg-autorail.de\/index.php?rest_route=\/wp\/v2\/pages\/63\/revisions\/1844"}],"wp:attachment":[{"href":"https:\/\/www.blg-autorail.de\/index.php?rest_route=%2Fwp%2Fv2%2Fmedia&parent=63"}],"curies":[{"name":"wp","href":"https:\/\/api.w.org\/{rel}","templated":true}]}}