{"id":61,"date":"2020-03-31T10:39:13","date_gmt":"2020-03-31T08:39:13","guid":{"rendered":"https:\/\/wordpress.blg-autorail.de\/?page_id=61"},"modified":"2022-01-28T11:07:29","modified_gmt":"2022-01-28T10:07:29","slug":"green-logistics","status":"publish","type":"page","link":"https:\/\/www.blg-autorail.de\/?page_id=61","title":{"rendered":"Green Logistics"},"content":{"rendered":"\n<h4 class=\"has-text-align-center has-text-color wp-block-heading\" style=\"color:#8bab26\"><strong>Green Logistics steht \u00fcbergeordnet f\u00fcr<\/strong><br><strong>Umweltvertr\u00e4glichkeit<\/strong> <strong>und Ressourceneffizienz<\/strong><\/h4>\n\n\n\n<p>Nach dem Motto <strong>&#8222;Schiene sch\u00fctzt Umwelt&#8220;<\/strong>, tragen wir mit unseren Zugverkehren t\u00e4glich dazu bei, die Stra\u00dfen zu entlasten.<br>Zus\u00e4tzlich arbeiten wir an einer steten Reduktion der L\u00e4rmemmissionen sowie an Verbesserungen der Energie- und Umweltbilanz.<\/p>\n\n\n\n<hr class=\"wp-block-separator\"\/>\n\n\n\n<h3 class=\"has-text-align-center wp-block-heading\">Schiene sch\u00fctzt Umwelt<br>1 Zug ersetzt 29 LKW<\/h3>\n\n\n\n<p>Der Energieverbrauch f\u00fcr die Bahn liegt um rund 50 Prozent unter dem Energieverbrauch f\u00fcr den Lkw-Einsatz.<\/p>\n\n\n\n<hr class=\"wp-block-separator\"\/>\n\n\n\n<h4 class=\"has-text-align-center has-text-color wp-block-heading\" style=\"color:#8bab26\"><strong><strong>Nachhaltigkeit beginnt im Konzept<\/strong><\/strong><\/h4>\n\n\n\n<div class=\"wp-block-columns is-layout-flex wp-container-core-columns-is-layout-9d6595d7 wp-block-columns-is-layout-flex\">\n<div class=\"wp-block-column is-layout-flow wp-block-column-is-layout-flow\" style=\"flex-basis:11.5%\">\n<figure class=\"wp-block-image size-large is-resized\"><img loading=\"lazy\" decoding=\"async\" src=\"https:\/\/wordpress.blg-autorail.de\/wp-content\/uploads\/2020\/09\/Bild19.jpg\" alt=\"\" class=\"wp-image-448\" width=\"110\" height=\"107\"\/><\/figure>\n<\/div>\n\n\n\n<div class=\"wp-block-column is-layout-flow wp-block-column-is-layout-flow\" style=\"flex-basis:66.66%\">\n<ul class=\"wp-block-list\"><li>Erh\u00f6hte Transporteffizienz und Routenoptimierung<\/li><li>B\u00fcndelung von Verkehrsstr\u00f6men<\/li><li>Optimierte Transportwege und erarbeitete R\u00fcckladungskonzepte &#8211; Europaweit<\/li><\/ul>\n<\/div>\n<\/div>\n\n\n\n<hr class=\"wp-block-separator\"\/>\n\n\n\n<h4 class=\"has-text-align-center has-text-color wp-block-heading\" style=\"color:#8bab26\"><strong><strong><strong>Transportverlagerung auf unser modernes Equipment<\/strong><\/strong><\/strong><\/h4>\n\n\n\n<p>Seit 2008 setzt die BLG AutoRail eigene Z\u00fcge mit Europas modernster Waggonflotte ein. Unsere Waggons sind mit &#8222;Fl\u00fcsterbremsen&#8220; ausgestattet, so dass wir deutlich unter dem gesetzlich zul\u00e4ssigen H\u00f6chstwert von 82 Dezibel liegen. Ein Beitrag zum Arbeitsschutz sind die speziellen Radvorlegersysteme unserer Waggons. Sie sind im Vergleich zu den \u00fcblichen Radvorlegern r\u00fcckenschonend, seitlich leicht verschiebbar und k\u00f6nnen einfach per Fu\u00dfdruck \u00fcber einen Kippmechanismus arretiert und gel\u00f6st werden.<\/p>\n\n\n\n<hr class=\"wp-block-separator\"\/>\n\n\n\n<h3 class=\"has-text-align-center has-black-color has-text-color wp-block-heading\"><strong><strong><strong>Ergebnis<\/strong><\/strong><\/strong><\/h3>\n\n\n\n<div class=\"wp-block-columns is-layout-flex wp-container-core-columns-is-layout-9d6595d7 wp-block-columns-is-layout-flex\">\n<div class=\"wp-block-column is-layout-flow wp-block-column-is-layout-flow\" style=\"flex-basis:11.5%\">\n<figure class=\"wp-block-image size-large is-resized\"><img loading=\"lazy\" decoding=\"async\" src=\"https:\/\/wordpress.blg-autorail.de\/wp-content\/uploads\/2020\/09\/Bild22.png\" alt=\"\" class=\"wp-image-476\" width=\"110\" height=\"110\"\/><\/figure>\n<\/div>\n\n\n\n<div class=\"wp-block-column is-layout-flow wp-block-column-is-layout-flow\" style=\"flex-basis:66.66%\">\n<ul class=\"wp-block-list\"><li>Weitere Reduktion der L\u00e4rmemissionen<\/li><li>Bessere Energie- und Umweltbilanz<\/li><li>Entlastung der Stra\u00dfe<\/li><\/ul>\n<\/div>\n<\/div>\n\n\n\n<p><\/p>\n","protected":false},"excerpt":{"rendered":"<p>Green Logistics steht \u00fcbergeordnet f\u00fcrUmweltvertr\u00e4glichkeit und Ressourceneffizienz Nach dem Motto &#8222;Schiene sch\u00fctzt Umwelt&#8220;, tragen wir mit unseren Zugverkehren t\u00e4glich dazu bei, die Stra\u00dfen zu entlasten.Zus\u00e4tzlich arbeiten wir an einer steten Reduktion der L\u00e4rmemmissionen sowie an Verbesserungen der Energie- und Umweltbilanz. Schiene sch\u00fctzt Umwelt1 Zug ersetzt 29 LKW Der Energieverbrauch f\u00fcr die Bahn liegt um rund [&hellip;]<\/p>\n","protected":false},"author":3,"featured_media":0,"parent":0,"menu_order":0,"comment_status":"closed","ping_status":"closed","template":"","meta":{"ngg_post_thumbnail":0,"footnotes":""},"class_list":["post-61","page","type-page","status-publish","hentry"],"_links":{"self":[{"href":"https:\/\/www.blg-autorail.de\/index.php?rest_route=\/wp\/v2\/pages\/61","targetHints":{"allow":["GET"]}}],"collection":[{"href":"https:\/\/www.blg-autorail.de\/index.php?rest_route=\/wp\/v2\/pages"}],"about":[{"href":"https:\/\/www.blg-autorail.de\/index.php?rest_route=\/wp\/v2\/types\/page"}],"author":[{"embeddable":true,"href":"https:\/\/www.blg-autorail.de\/index.php?rest_route=\/wp\/v2\/users\/3"}],"replies":[{"embeddable":true,"href":"https:\/\/www.blg-autorail.de\/index.php?rest_route=%2Fwp%2Fv2%2Fcomments&post=61"}],"version-history":[{"count":43,"href":"https:\/\/www.blg-autorail.de\/index.php?rest_route=\/wp\/v2\/pages\/61\/revisions"}],"predecessor-version":[{"id":1466,"href":"https:\/\/www.blg-autorail.de\/index.php?rest_route=\/wp\/v2\/pages\/61\/revisions\/1466"}],"wp:attachment":[{"href":"https:\/\/www.blg-autorail.de\/index.php?rest_route=%2Fwp%2Fv2%2Fmedia&parent=61"}],"curies":[{"name":"wp","href":"https:\/\/api.w.org\/{rel}","templated":true}]}}